{"id":706,"date":"2015-08-16T01:43:24","date_gmt":"2015-08-15T23:43:24","guid":{"rendered":"https:\/\/ilikemyproject.com\/es\/?page_id=706"},"modified":"2020-08-25T22:47:38","modified_gmt":"2020-08-25T20:47:38","slug":"contacto","status":"publish","type":"page","link":"https:\/\/ilikemyproject.com\/es\/contacto\/","title":{"rendered":"Contacto"},"content":{"rendered":"\t\t<div data-elementor-type=\"wp-page\" data-elementor-id=\"706\" class=\"elementor elementor-706 elementor-73\" data-elementor-post-type=\"page\">\n\t\t\t\t\t\t\t\t\t<section class=\"elementor-section elementor-top-section elementor-element elementor-element-ab838c5 elementor-section-full_width elementor-section-height-min-height elementor-section-height-default elementor-section-items-middle\" data-id=\"ab838c5\" data-element_type=\"section\" data-settings=\"{&quot;background_background&quot;:&quot;video&quot;,&quot;background_video_link&quot;:&quot;https:\\\/\\\/ilikemyproject.com\\\/wp-content\\\/uploads\\\/2015\\\/08\\\/video-berlin-45.mp4&quot;,&quot;_ha_eqh_enable&quot;:false}\">\n\t\t\t\t\t\t\t\t<div class=\"elementor-background-video-container elementor-hidden-phone\">\n\t\t\t\t\t\t\t\t\t\t\t\t\t<video class=\"elementor-background-video-hosted elementor-html5-video\" autoplay muted playsinline loop><\/video>\n\t\t\t\t\t\t\t\t\t\t\t<\/div>\n\t\t\t\t\t\t\t\t\t<div class=\"elementor-background-overlay\"><\/div>\n\t\t\t\t\t\t\t<div class=\"elementor-container elementor-column-gap-default\">\n\t\t\t\t\t<div class=\"elementor-column elementor-col-100 elementor-top-column elementor-element elementor-element-ca79c0a\" data-id=\"ca79c0a\" data-element_type=\"column\">\n\t\t\t<div class=\"elementor-widget-wrap elementor-element-populated\">\n\t\t\t\t\t\t\t\t<div class=\"elementor-element elementor-element-1952f9a elementor-widget elementor-widget-heading\" data-id=\"1952f9a\" data-element_type=\"widget\" data-widget_type=\"heading.default\">\n\t\t\t\t<div class=\"elementor-widget-container\">\n\t\t\t<style>\/*! elementor - v3.16.0 - 12-09-2023 *\/\n.elementor-heading-title{padding:0;margin:0;line-height:1}.elementor-widget-heading .elementor-heading-title[class*=elementor-size-]>a{color:inherit;font-size:inherit;line-height:inherit}.elementor-widget-heading .elementor-heading-title.elementor-size-small{font-size:15px}.elementor-widget-heading .elementor-heading-title.elementor-size-medium{font-size:19px}.elementor-widget-heading .elementor-heading-title.elementor-size-large{font-size:29px}.elementor-widget-heading .elementor-heading-title.elementor-size-xl{font-size:39px}.elementor-widget-heading .elementor-heading-title.elementor-size-xxl{font-size:59px}<\/style><h1 class=\"elementor-heading-title elementor-size-default\">Contacto<\/h1>\t\t<\/div>\n\t\t\t\t<\/div>\n\t\t\t\t<div class=\"elementor-element elementor-element-5d1e76f elementor-widget elementor-widget-heading\" data-id=\"5d1e76f\" data-element_type=\"widget\" data-widget_type=\"heading.default\">\n\t\t\t\t<div class=\"elementor-widget-container\">\n\t\t\t<h2 class=\"elementor-heading-title elementor-size-default\">\u00bfQu\u00e9 podemos hacer por ti?<\/h2>\t\t<\/div>\n\t\t\t\t<\/div>\n\t\t\t\t\t<\/div>\n\t\t<\/div>\n\t\t\t\t\t\t\t<\/div>\n\t\t<\/section>\n\t\t\t\t<section class=\"elementor-section elementor-top-section elementor-element elementor-element-08b320d elementor-section-boxed elementor-section-height-default elementor-section-height-default\" data-id=\"08b320d\" data-element_type=\"section\" data-settings=\"{&quot;background_background&quot;:&quot;classic&quot;,&quot;_ha_eqh_enable&quot;:false}\">\n\t\t\t\t\t\t<div class=\"elementor-container elementor-column-gap-default\">\n\t\t\t\t\t<div class=\"elementor-column elementor-col-100 elementor-top-column elementor-element elementor-element-01c77f8\" data-id=\"01c77f8\" data-element_type=\"column\">\n\t\t\t<div class=\"elementor-widget-wrap elementor-element-populated\">\n\t\t\t\t\t\t\t\t<div class=\"elementor-element elementor-element-3f25cef elementor-widget elementor-widget-heading\" data-id=\"3f25cef\" data-element_type=\"widget\" data-widget_type=\"heading.default\">\n\t\t\t\t<div class=\"elementor-widget-container\">\n\t\t\t<h2 class=\"elementor-heading-title elementor-size-default\">\u00bfC\u00f3mo funciona?<\/h2>\t\t<\/div>\n\t\t\t\t<\/div>\n\t\t\t\t\t<\/div>\n\t\t<\/div>\n\t\t\t\t\t\t\t<\/div>\n\t\t<\/section>\n\t\t\t\t<section class=\"elementor-section elementor-top-section elementor-element elementor-element-5697666 elementor-section-boxed elementor-section-height-default elementor-section-height-default\" data-id=\"5697666\" data-element_type=\"section\" data-settings=\"{&quot;_ha_eqh_enable&quot;:false}\">\n\t\t\t\t\t\t<div class=\"elementor-container elementor-column-gap-default\">\n\t\t\t\t\t<div class=\"elementor-column elementor-col-100 elementor-top-column elementor-element elementor-element-d01ae97\" data-id=\"d01ae97\" data-element_type=\"column\">\n\t\t\t<div class=\"elementor-widget-wrap elementor-element-populated\">\n\t\t\t\t\t\t\t\t<div class=\"elementor-element elementor-element-e3ea76c elementor-widget elementor-widget-text-editor\" data-id=\"e3ea76c\" data-element_type=\"widget\" data-widget_type=\"text-editor.default\">\n\t\t\t\t<div class=\"elementor-widget-container\">\n\t\t\t<style>\/*! elementor - v3.16.0 - 12-09-2023 *\/\n.elementor-widget-text-editor.elementor-drop-cap-view-stacked .elementor-drop-cap{background-color:#69727d;color:#fff}.elementor-widget-text-editor.elementor-drop-cap-view-framed .elementor-drop-cap{color:#69727d;border:3px solid;background-color:transparent}.elementor-widget-text-editor:not(.elementor-drop-cap-view-default) .elementor-drop-cap{margin-top:8px}.elementor-widget-text-editor:not(.elementor-drop-cap-view-default) .elementor-drop-cap-letter{width:1em;height:1em}.elementor-widget-text-editor .elementor-drop-cap{float:left;text-align:center;line-height:1;font-size:50px}.elementor-widget-text-editor .elementor-drop-cap-letter{display:inline-block}<\/style>\t\t\t\tMuy sencillo. Envianos un correo a contact@ilikemyproject.com o visitamos estamos en Berlin.\nTe responderemos en 48hrs. Tambi\u00e9n podemos tener una sesi\u00f3n gratuita por Skype o Google Hangout para platicar m\u00e1s a detalle las necesidades de tu proyecto. Si quieres comenzar hoy por favor llena el formulario de contacto.\n\nGracias!\t\t\t\t\t\t<\/div>\n\t\t\t\t<\/div>\n\t\t\t\t\t<\/div>\n\t\t<\/div>\n\t\t\t\t\t\t\t<\/div>\n\t\t<\/section>\n\t\t\t\t<section class=\"elementor-section elementor-top-section elementor-element elementor-element-bcea2bb elementor-section-boxed elementor-section-height-default elementor-section-height-default\" data-id=\"bcea2bb\" data-element_type=\"section\" data-settings=\"{&quot;_ha_eqh_enable&quot;:false}\">\n\t\t\t\t\t\t<div class=\"elementor-container elementor-column-gap-default\">\n\t\t\t\t\t<div class=\"elementor-column elementor-col-100 elementor-top-column elementor-element elementor-element-99ee4d4\" data-id=\"99ee4d4\" data-element_type=\"column\">\n\t\t\t<div class=\"elementor-widget-wrap elementor-element-populated\">\n\t\t\t\t\t\t\t\t<div class=\"elementor-element elementor-element-d8b0adf elementor-widget elementor-widget-text-editor\" data-id=\"d8b0adf\" data-element_type=\"widget\" data-widget_type=\"text-editor.default\">\n\t\t\t\t<div class=\"elementor-widget-container\">\n\t\t\t\t\t\t\t<p style=\"text-align: center;\"><div class=\"wpforms-container wpforms-container-full\" id=\"wpforms-1455\"><form id=\"wpforms-form-1455\" class=\"wpforms-validate wpforms-form wpforms-ajax-form\" data-formid=\"1455\" method=\"post\" enctype=\"multipart\/form-data\" action=\"\/es\/wp-json\/wp\/v2\/pages\/706\" data-token=\"f99970f9393e6cb3ca3d6d4931b63059\" data-token-time=\"1777192066\"><noscript class=\"wpforms-error-noscript\">Por favor, activa JavaScript en tu navegador para completar este formulario.<\/noscript><div class=\"wpforms-page-indicator progress\" data-indicator=\"progress\" data-indicator-color=\"#72b239\" data-scroll=\"1\"><span class=\"wpforms-page-indicator-page-title\" data-page-1-title=\"Tu proyecto\" data-page-2-title=\"Information\">Tu proyecto<\/span><span class=\"wpforms-page-indicator-page-title-sep\" > &#8211; <\/span><span class=\"wpforms-page-indicator-steps\">Step <span class=\"wpforms-page-indicator-steps-current\">1<\/span> of 2<\/span><div class=\"wpforms-page-indicator-page-progress-wrap\"><div class=\"wpforms-page-indicator-page-progress\" style=\"width:50%;background-color:#72b239\"><\/div><\/div><\/div><div class=\"wpforms-field-container\"><div class=\"wpforms-page wpforms-page-1 \" data-page=\"1\"><div id=\"wpforms-1455-field_46-container\" class=\"wpforms-field wpforms-field-pagebreak\" data-field-id=\"46\"><\/div><div id=\"wpforms-1455-field_28-container\" class=\"wpforms-field wpforms-field-checkbox\" data-field-id=\"28\"><label class=\"wpforms-field-label\">Seleccione su opci\u00f3n de proyecto:<\/label><ul id=\"wpforms-1455-field_28\"><li class=\"choice-4 depth-1\"><input type=\"checkbox\" id=\"wpforms-1455-field_28_4\" name=\"wpforms[fields][28][]\" value=\"Website \/ Re-Design\"  ><label class=\"wpforms-field-label-inline\" for=\"wpforms-1455-field_28_4\">Website \/ Re-Design<\/label><\/li><li class=\"choice-1 depth-1\"><input type=\"checkbox\" id=\"wpforms-1455-field_28_1\" name=\"wpforms[fields][28][]\" value=\"Started Plan (400-600 EURO)\"  ><label class=\"wpforms-field-label-inline\" for=\"wpforms-1455-field_28_1\">Started Plan (400-600 EURO)<\/label><\/li><li class=\"choice-2 depth-1\"><input type=\"checkbox\" id=\"wpforms-1455-field_28_2\" name=\"wpforms[fields][28][]\" value=\"Online Marketing\"  ><label class=\"wpforms-field-label-inline\" for=\"wpforms-1455-field_28_2\">Online Marketing<\/label><\/li><li class=\"choice-5 depth-1\"><input type=\"checkbox\" id=\"wpforms-1455-field_28_5\" name=\"wpforms[fields][28][]\" value=\"Coaching \/ Workshop\"  ><label class=\"wpforms-field-label-inline\" for=\"wpforms-1455-field_28_5\">Coaching \/ Workshop<\/label><\/li><\/ul><\/div><div id=\"wpforms-1455-field_2-container\" class=\"wpforms-field wpforms-field-textarea\" data-field-id=\"2\"><label class=\"wpforms-field-label\" for=\"wpforms-1455-field_2\">Por favor, plat\u00edcanos un poquito de ti, acerca de tu negocio, servicios o proyectos. <span class=\"wpforms-required-label\">*<\/span><\/label><textarea id=\"wpforms-1455-field_2\" class=\"wpforms-field-medium wpforms-field-required\" name=\"wpforms[fields][2]\" placeholder=\"Cu\u00e9ntenos tus expectativas\" required><\/textarea><\/div><div id=\"wpforms-1455-field_35-container\" class=\"wpforms-field wpforms-field-checkbox wpforms-conditional-trigger\" data-field-id=\"35\"><label class=\"wpforms-field-label\">\u00bfTienes tiempo para darnos m\u00e1s informaci\u00f3n? <span class=\"wpforms-required-label\">*<\/span><\/label><ul id=\"wpforms-1455-field_35\" class=\"wpforms-field-required\"><li class=\"choice-1 depth-1\"><input type=\"checkbox\" id=\"wpforms-1455-field_35_1\" name=\"wpforms[fields][35][]\" value=\"S\u00ed\" required ><label class=\"wpforms-field-label-inline\" for=\"wpforms-1455-field_35_1\">S\u00ed<\/label><\/li><li class=\"choice-2 depth-1\"><input type=\"checkbox\" id=\"wpforms-1455-field_35_2\" name=\"wpforms[fields][35][]\" value=\"No\" required ><label class=\"wpforms-field-label-inline\" for=\"wpforms-1455-field_35_2\">No<\/label><\/li><\/ul><\/div><div id=\"wpforms-1455-field_36-container\" class=\"wpforms-field wpforms-field-text wpforms-conditional-field wpforms-conditional-show\" data-field-id=\"36\" style=\"display:none;\"><label class=\"wpforms-field-label\" for=\"wpforms-1455-field_36\">\u00bfCu\u00e1l es el objetivo m\u00e1s importante que te gustar\u00eda lograr con tu p\u00e1gina web?<\/label><input type=\"text\" id=\"wpforms-1455-field_36\" class=\"wpforms-field-large\" name=\"wpforms[fields][36]\" ><\/div><div id=\"wpforms-1455-field_39-container\" class=\"wpforms-field wpforms-field-textarea wpforms-conditional-field wpforms-conditional-show\" data-field-id=\"39\" style=\"display:none;\"><label class=\"wpforms-field-label\" for=\"wpforms-1455-field_39\">Descr\u00edbenos con m\u00e1s detalle lo que deseas tener en tu web: caracter\u00edsticas, colores, funcionalidades, etc.<\/label><textarea id=\"wpforms-1455-field_39\" class=\"wpforms-field-small\" name=\"wpforms[fields][39]\" ><\/textarea><\/div><div id=\"wpforms-1455-field_41-container\" class=\"wpforms-field wpforms-field-textarea wpforms-conditional-field wpforms-conditional-show\" data-field-id=\"41\" style=\"display:none;\"><label class=\"wpforms-field-label\" for=\"wpforms-1455-field_41\">Webs que te gusten: si tienes algunas, por favor damos algunos ejemplos.<\/label><textarea id=\"wpforms-1455-field_41\" class=\"wpforms-field-small\" name=\"wpforms[fields][41]\" ><\/textarea><\/div><div id=\"wpforms-1455-field_30-container\" class=\"wpforms-field wpforms-field-number-slider\" data-field-id=\"30\"><label class=\"wpforms-field-label\" for=\"wpforms-1455-field_30\">\u00bfCu\u00e1l rango de presupuesto tienes considerado invertir en tu proyecto? Esto nos ayudar\u00e1 a darte una soluci\u00f3n m\u00e1s a la medida de tus posibilidades.<\/label>\n<input\n\ttype=\"range\"\n\tid=\"wpforms-1455-field_30\" class=\"wpforms-field-medium\" name=\"wpforms[fields][30]\" value=\"400\"\t\tmin=\"400\"\n\tmax=\"20000\"\n\tstep=\"1\">\n\n<div class=\"wpforms-field-number-slider-hint\"\n\tdata-hint=\"Selected Value: {value}\">\n\tSelected Value: <b>400<\/b><\/div>\n<\/div><div id=\"wpforms-1455-field_45-container\" class=\"wpforms-field wpforms-field-pagebreak\" data-field-id=\"45\"><div class=\"wpforms-clear wpforms-pagebreak-left\"><button class=\"wpforms-page-button wpforms-page-next\" data-action=\"next\" data-page=\"1\" data-formid=\"1455\" disabled>Siguiente<\/button><\/div><\/div><\/div><div class=\"wpforms-page wpforms-page-2 last \" data-page=\"2\" style=\"display:none;\"><div id=\"wpforms-1455-field_31-container\" class=\"wpforms-field wpforms-field-divider\" data-field-id=\"31\"><h3 id=\"wpforms-1455-field_31\">Informaci\u00f3n<\/h3><\/div><div id=\"wpforms-1455-field_18-container\" class=\"wpforms-field wpforms-field-name\" data-field-id=\"18\"><label class=\"wpforms-field-label wpforms-label-hide\" for=\"wpforms-1455-field_18\">Nombre <span class=\"wpforms-required-label\">*<\/span><\/label><input type=\"text\" id=\"wpforms-1455-field_18\" class=\"wpforms-field-large wpforms-field-required\" name=\"wpforms[fields][18]\" placeholder=\"Nombre\" required><\/div><div id=\"wpforms-1455-field_1-container\" class=\"wpforms-field wpforms-field-email\" data-field-id=\"1\"><label class=\"wpforms-field-label wpforms-label-hide\" for=\"wpforms-1455-field_1\">Email <span class=\"wpforms-required-label\">*<\/span><\/label><input type=\"email\" id=\"wpforms-1455-field_1\" class=\"wpforms-field-large wpforms-field-required\" name=\"wpforms[fields][1]\" placeholder=\"E-Mail*\" spellcheck=\"false\" required><\/div><div id=\"wpforms-1455-field_19-container\" class=\"wpforms-field wpforms-field-text\" data-field-id=\"19\"><label class=\"wpforms-field-label\" for=\"wpforms-1455-field_19\">Web<\/label><input type=\"text\" id=\"wpforms-1455-field_19\" class=\"wpforms-field-large\" name=\"wpforms[fields][19]\" placeholder=\"Link a tu p\u00e1gina web si ya cuentas con una.\" ><\/div><div id=\"wpforms-1455-field_40-container\" class=\"wpforms-field wpforms-field-select wpforms-field-select-style-classic\" data-field-id=\"40\"><label class=\"wpforms-field-label\" for=\"wpforms-1455-field_40\">\u00bfC\u00f3mo nos encontraste?<\/label><select id=\"wpforms-1455-field_40\" class=\"wpforms-field-large\" name=\"wpforms[fields][40]\"><option value=\"Facebook\"  class=\"choice-1 depth-1\"  >Facebook<\/option><option value=\"Twitter\"  class=\"choice-2 depth-1\"  >Twitter<\/option><option value=\"Recommendation\"  class=\"choice-3 depth-1\"  >Recommendation<\/option><option value=\"Google Search\"  class=\"choice-4 depth-1\"  >Google Search<\/option><option value=\"Otros\"  class=\"choice-5 depth-1\"  >Otros<\/option><\/select><\/div><div id=\"wpforms-1455-field_24-container\" class=\"wpforms-field wpforms-field-gdpr-checkbox\" data-field-id=\"24\"><label class=\"wpforms-field-label\">Acuerdo GDPR <span class=\"wpforms-required-label\">*<\/span><\/label><ul id=\"wpforms-1455-field_24\" class=\"wpforms-field-required\"><li class=\"choice-1\"><input type=\"checkbox\" id=\"wpforms-1455-field_24_1\" name=\"wpforms[fields][24][]\" value=\"Doy mi consentimiento para que este sitio web almacene la informaci\u00f3n enviada para que puedan responder a mi consulta.\" required ><label class=\"wpforms-field-label-inline\" for=\"wpforms-1455-field_24_1\">Doy mi consentimiento para que este sitio web almacene la informaci\u00f3n enviada para que puedan responder a mi consulta.<\/label><\/li><\/ul><\/div><div id=\"wpforms-1455-field_48-container\" class=\"wpforms-field wpforms-field-captcha\" data-field-id=\"48\"><label class=\"wpforms-field-label\" for=\"wpforms-1455-field_48\">Captcha <span class=\"wpforms-required-label\">*<\/span><\/label>\t\t\t<div class=\"wpforms-captcha-math\">\n\t\t\t\t<span id=\"wpforms-1455-field_48-question\" class=\"wpforms-captcha-equation\">\n\t\t\t\t\t<span class=\"n1\">8<\/span>\n\t\t\t\t\t\t\t<span class=\"cal\">*<\/span>\n\t\t\t\t\t\t\t<span class=\"n2\">4<\/span>\t\t\t\t\t<span class=\"e\">=<\/span>\n\t\t\t\t<\/span>\n\t\t\t\t<input type=\"text\" id=\"wpforms-1455-field_48\" class=\"wpforms-field-medium wpforms-field-required a\" data-rule-wpf-captcha=\"math\" data-is-wrapped-field=\"1\" name=\"wpforms[fields][48][a]\" aria-describedby=\"wpforms-1455-field_48-question\" required>\t\t\t\t<input type=\"hidden\" name=\"wpforms[fields][48][cal]\" class=\"cal\">\n\t\t\t\t<input type=\"hidden\" name=\"wpforms[fields][48][n2]\" class=\"n2\">\n\t\t\t\t<input type=\"hidden\" name=\"wpforms[fields][48][n1]\" class=\"n1\">\n\t\t\t<\/div>\n\t\t\t<\/div><div id=\"wpforms-1455-field_47-container\" class=\"wpforms-field wpforms-field-pagebreak\" data-field-id=\"47\"><div class=\"wpforms-clear wpforms-pagebreak-left\"><button class=\"wpforms-page-button wpforms-page-prev\" data-action=\"prev\" data-page=\"2\" data-formid=\"1455\" disabled>Regresar<\/button><\/div><\/div><\/div><\/div><!-- .wpforms-field-container --><div class=\"wpforms-field wpforms-field-hp\"><label for=\"wpforms-1455-field-hp\" class=\"wpforms-field-label\">Name<\/label><input type=\"text\" name=\"wpforms[hp]\" id=\"wpforms-1455-field-hp\" class=\"wpforms-field-medium\"><\/div><div class=\"wpforms-submit-container\" style=\"display:none;\"><input type=\"hidden\" name=\"wpforms[id]\" value=\"1455\"><input type=\"hidden\" name=\"page_title\" value=\"\"><input type=\"hidden\" name=\"page_url\" value=\"https:\/\/ilikemyproject.com\/es\/wp-json\/wp\/v2\/pages\/706\"><input type=\"hidden\" name=\"url_referer\" value=\"\"><button type=\"submit\" name=\"wpforms[submit]\" id=\"wpforms-submit-1455\" class=\"wpforms-submit envio\" data-alt-text=\"Enviando...\" data-submit-text=\"Enviar\" aria-live=\"assertive\" value=\"wpforms-submit\">Enviar<\/button><img decoding=\"async\" loading=\"lazy\" src=\"https:\/\/ilikemyproject.com\/wp-content\/plugins\/wpforms\/assets\/images\/submit-spin.svg\" class=\"wpforms-submit-spinner\" style=\"display: none;\" width=\"26\" height=\"26\" alt=\"Cargando\"><\/div><\/form><\/div>  <!-- .wpforms-container --><\/p>\t\t\t\t\t\t<\/div>\n\t\t\t\t<\/div>\n\t\t\t\t\t<\/div>\n\t\t<\/div>\n\t\t\t\t\t\t\t<\/div>\n\t\t<\/section>\n\t\t\t\t\t\t\t<\/div>\n\t\t","protected":false},"excerpt":{"rendered":"<p>Contacto \u00bfQu\u00e9 podemos hacer por ti? \u00bfC\u00f3mo funciona? Muy sencillo. Envianos un correo a contact@ilikemyproject.com o visitamos estamos en Berlin. Te responderemos en 48hrs. Tambi\u00e9n podemos tener una sesi\u00f3n gratuita por Skype o Google Hangout para platicar m\u00e1s a detalle las necesidades de tu proyecto. Si quieres comenzar hoy por favor llena el formulario de &hellip;<\/p>\n<p class=\"read-more\"> <a class=\"\" href=\"https:\/\/ilikemyproject.com\/es\/contacto\/\"> <span class=\"screen-reader-text\">Contacto<\/span> Leer m\u00e1s \u00bb<\/a><\/p>\n","protected":false},"author":3,"featured_media":0,"parent":0,"menu_order":0,"comment_status":"closed","ping_status":"closed","template":"","meta":{"_seopress_robots_primary_cat":"","site-sidebar-layout":"default","site-content-layout":"default","ast-global-header-display":"","ast-main-header-display":"","ast-hfb-above-header-display":"","ast-hfb-below-header-display":"","ast-hfb-mobile-header-display":"","site-post-title":"disabled","ast-breadcrumbs-content":"","ast-featured-img":"","footer-sml-layout":"","theme-transparent-header-meta":"default","adv-header-id-meta":"","stick-header-meta":"","header-above-stick-meta":"","header-main-stick-meta":"","header-below-stick-meta":"","footnotes":""},"_links":{"self":[{"href":"https:\/\/ilikemyproject.com\/es\/wp-json\/wp\/v2\/pages\/706"}],"collection":[{"href":"https:\/\/ilikemyproject.com\/es\/wp-json\/wp\/v2\/pages"}],"about":[{"href":"https:\/\/ilikemyproject.com\/es\/wp-json\/wp\/v2\/types\/page"}],"author":[{"embeddable":true,"href":"https:\/\/ilikemyproject.com\/es\/wp-json\/wp\/v2\/users\/3"}],"replies":[{"embeddable":true,"href":"https:\/\/ilikemyproject.com\/es\/wp-json\/wp\/v2\/comments?post=706"}],"version-history":[{"count":1,"href":"https:\/\/ilikemyproject.com\/es\/wp-json\/wp\/v2\/pages\/706\/revisions"}],"predecessor-version":[{"id":1457,"href":"https:\/\/ilikemyproject.com\/es\/wp-json\/wp\/v2\/pages\/706\/revisions\/1457"}],"wp:attachment":[{"href":"https:\/\/ilikemyproject.com\/es\/wp-json\/wp\/v2\/media?parent=706"}],"curies":[{"name":"wp","href":"https:\/\/api.w.org\/{rel}","templated":true}]}}