{"id":693,"date":"2015-08-16T01:27:48","date_gmt":"2015-08-15T23:27:48","guid":{"rendered":"https:\/\/ilikemyproject.com\/de\/?page_id=693"},"modified":"2015-10-10T01:39:44","modified_gmt":"2015-10-09T23:39:44","slug":"leistungen","status":"publish","type":"page","link":"https:\/\/ilikemyproject.com\/de\/leistungen\/","title":{"rendered":"Leistungen"},"content":{"rendered":"<h1>\n\t\tUnsere Leistungen<br \/>\n\t<\/h1>\n<h3>\n\t\tdas Webdesign, das Ihren Kunden anzieht<br \/>\n\t<\/h3>\n<h2>\n\t\tWenn Sie eine tolle optimierte Webseite f\u00fcr Ihre Projekte, Dienstlesitungen, Shows, Online Magazine, Blog oder einen Online Shop brauchen, sind Sie bei uns genau richtig.<br \/>\n\t<\/h2>\n<p>ILikeMyProject k\u00f6nnen Sie Sich Ihre personalisierte, SEO und Mobil optimisierte und kreative Webseite holen. Wir vermitteln Ihre Idee mit unserem Webdesign an Ihren Zielkunden und Partner.\u00a0Internet gibt Ihnen die M\u00f6glichkeit Ihre Idee zu realisieren und bekannt zu machen. Lassen Sie uns Ihre Leistungen und Produkte oder kreative Arbeit in der Welt zu zeigen.<\/p>\n<p>\t\t<img decoding=\"async\" src=\"https:\/\/ilikemyproject.com\/wp-content\/uploads\/2015\/08\/Ilikemyproject-webdesign.jpg\" \/>\t\t<\/p>\n<h2>Basic Webseite &#038; Konfiguration<\/h2>\n<p><strong>Sie fangen Ihr Business gerade an und brauchen eine professionelle SEO optimierte Webseite, aber haben wenig Budget. In diesem Fall k\u00f6nnen wir f\u00fcr Sie eine einfache Webseite mit allen notwendigen Seiten und wichtigen Funktionen erstellen. So k\u00f6nnen Sie schon durch Ihre Webseite Kunden und Leser anziehen.<\/strong><\/p>\n<p>\t<a href=\"https:\/\/ilikemyproject.com\/de\/kontakt\/\" target=\"_self\" role=\"button\"><br \/>\n\t\t\t\tANFRAGEN<br \/>\n\t<\/a><br \/>\n\t\t<img decoding=\"async\" src=\"https:\/\/ilikemyproject.com\/wp-content\/uploads\/2015\/08\/custom-webdesign-ilikemyproject1.jpg\" \/>\t\t<\/p>\n<h2>Individuell angepasstes Webdesign<\/h2>\n<p>Sie haben schon ein Business und m\u00f6chten in eine nach Ihren W\u00fcnschen individuell und einzigartig gestaltete Webseite f\u00fcr besseres Branding und mehr Gewinn investieren.<\/p>\n<p>\t<a href=\"https:\/\/ilikemyproject.com\/de\/kontakt\/\" target=\"_self\" role=\"button\"><br \/>\n\t\t\t\tANFRAGEN<br \/>\n\t<\/a><br \/>\n\t\t<img decoding=\"async\" src=\"https:\/\/ilikemyproject.com\/wp-content\/uploads\/2015\/10\/RE-DESIGN.jpg\" \/>\t\t<\/p>\n<h2>Re-Design<\/h2>\n<p>Sie haben eine Webseite und m\u00f6chten es relaunchen. Prima, dann sind sie bei uns richtig. Wir freuen uns Ihre Webseite nach Ihren W\u00fcnschen und Ihrem Branding neu und profesionell zu gestalten.<\/p>\n<h2>Wenn Du schon eine Webseite hast<\/h2>\n<p>Wir helfen unseren Kunden mit der Webseitenoptimierung und Personalisierung.<\/p>\n<p>\t<a href=\"https:\/\/ilikemyproject.com\/de\/kontakt\/\" target=\"_self\" role=\"button\"><br \/>\n\t\t\t\tANFRAGEN<br \/>\n\t<\/a><br \/>\n\t\t<img decoding=\"async\" src=\"https:\/\/ilikemyproject.com\/wp-content\/uploads\/2015\/08\/Services-1024x288.jpg\" \/>\t\t<\/p>\n<h2>Web Coaching und Beratung<\/h2>\n<p>Nach Bedarf helfen wir Ihnen den besten Hosting nach Ihren W\u00fcnschen und Budget auszuw\u00e4hlen.<\/p>\n<p>Dazu beraten wir Ihnen auch bez\u00fcglich der Domainnamenauswahl, Affiliate Marketing, Newsletter und Social Media Strategien; Integration von Online Kursen und digitalen Produkten.<strong>\u00a0<\/strong><\/p>\n<p>Wenn Sie schon eine Webseite haben, aber es funktioniert nicht so wie sie es w\u00fcnschen, dieses Paket ist f\u00fcr Sie. Wir \u00fcberpr\u00fcfen alle wichtigsten Seiten Ihrer Webseite und geben Ihnen Empfehlungen und Tipps wie Sie mehr Kunden gewinnen und Ihren Umsatz steigern. <\/p>\n<p>\u00a0<\/p>\n<p>\t<a href=\"https:\/\/ilikemyproject.com\/de\/kontakt\/\" target=\"_self\" role=\"button\"><br \/>\n\t\t\t\tANFRAGEN<br \/>\n\t<\/a><br \/>\n\t\t<img decoding=\"async\" src=\"https:\/\/ilikemyproject.com\/wp-content\/uploads\/2015\/08\/Services.jpg\" \/>\t\t<\/p>\n<h2>Zus\u00e4tzliche Leistungen Ihrer Wahl<\/h2>\n<ul>\n<li>Bei W\u00fcnsch k\u00f6nnen wir Ihnen ein passendes und flexibles Pflege Paket anbieten: monatliche, j\u00e4hrliche oder ab und zu nach Bedarf Pflege.<\/li>\n<li>Integration der Email-Marketing Kampaignen f\u00fcr Ihre Webseite oder Blog. Newsletter Abbonement \/ Subscription auf Ihrer Webseite. Autoresponders und Newsletter mit dem Mailchimp.<\/li>\n<li>Mehrsprachigkeit. Erstellung der mehrsprachigen Webseiten.<\/li>\n<li>E-Commerce. Wir erstellen Online Shops mit der Online Zahlungsoptionen via Kreditkarten, VISA und Paypal. Thechnologie: WordPress und Woocommerce.<\/li>\n<li>Podcasts Integration: Ihre\u00a0Podcasts k\u00f6nnen automatisch in iTunes gefunden werden sobald \u00a0Sie diese\u00a0auf dem Blog in einem Post ver\u00f6ffentlichen.<\/li>\n<li>Webseite mit Online Video Kursen, einem Forum und Mitgliedschaft Bereich.<\/li>\n<\/ul>\n<p>\t<a href=\"https:\/\/ilikemyproject.com\/de\/kontakt\/\" target=\"_self\" role=\"button\"><br \/>\n\t\t\t\tANFRAGEN<br \/>\n\t<\/a><\/p>\n<h2>\n\t\tUnser Arbeitsverlauf<br \/>\n\t<\/h2>\n<h4>Zielsetzung   <\/h4>\n<h4>Struktur und Inhalte <\/h4>\n<h4>Design Konzept <\/h4>\n<h4>Webdesign<\/h4>\n<h4>Launch<\/h4>\n<p>\t\t\tZielsetzung<br \/>\n\t\t\tStruktur und Inhalte<br \/>\n\t\t\tDesign Konzept<br \/>\n\t\t\tWebdesign<br \/>\n\t\t\tLaunch und letzte \u00dcberpr\u00fcfung<br \/>\n\t\t\t\tZielsetzung<\/p>\n<h4>Definition Ihrer Ziele, Zielgruppe und Webdesign W\u00fcnsche.<\/h4>\n<p>\u2022 Firmeninformation<br \/> \u2022 Ziele und Zielkunden<br \/> \u2022 Projekt Scope\u00a0und\u00a0Eigenschaften<\/p>\n<p>\t\t\t\tStruktur und Inhalte<\/p>\n<h4>Wir gestalten Ihre Webseite mit den Texten und Materialien, die Sie\u00a0uns zur Verf\u00fcgung stellen.<\/h4>\n<p>\u2022 Web Design Konzept<br \/> \u2022 Texte, Bilder, Videos Grafiken<\/p>\n<p>\t\t\t\tDesign Konzept<\/p>\n<h4>Zuerst erstellen wir\u00a0ein Mockup Prototyp als PDF Dokument.<\/h4>\n<p>Nach Ihrer\u00a0Best\u00e4tigung fangen wir mit dem Webdesign an.<br \/> \u2022 Prototyp<br \/> \u2022 Ihr\u00a0Feedback<br \/> \u2022 \u00dcberpr\u00fcfung &#038; Verbesserungen<\/p>\n<p>\t\t\t\tWebdesign<\/p>\n<h4>Wir nehmen Ihre\u00a0Inhalte und designern Ihre\u00a0neue Webseite.<\/h4>\n<p>Wir folgen immer den h\u00f6chsten Qualit\u00e4tsstandards um Ihre\u00a0Webseite mit der besten Geschwindigkeit, Struktur und SEO-Optimierung zu gestalten.<br \/> \u2022 Webdesign<br \/> \u2022 Optimierung<\/p>\n<p>\t\t\t\tLaunch und letzte \u00dcberpr\u00fcfung <\/p>\n<h4>Nach Ihrer\u00a0Best\u00e4tigung werden wir die Webseite auf Ihrem Server hochladen und launchen.<\/h4>\n<p>Danach haben Sie\u00a03 Tage f\u00fcr die \u00dcberpr\u00fcfung und Endkontorlle. Nach 3 Tagen gilt das Projekt als ofiziell abgeschlossen.<br \/> \u2022 Revision<br \/> \u2022 \u00dcberpr\u00fcfung<br \/> \u2022\u00a0Abgabe<\/p>\n<h3>\n\tHosting und Domain Name<\/h3>\n<p>Sie k\u00f6nnen bei Ihrem eigenen Hosting bleiben, wenn Sie eine schnelle Geschwindigkeit f\u00fcr Ihre Webseite und viel Speicherplatz brauchen, k\u00f6nnen wir Ihnen gerne einen f\u00fcr Ihre Webseite am besten passenden Hosting Provider empfehlen.<\/p>\n<h3>Haben Sie gefunden was Sie suchen? Schreiben Sie uns an und wir antworten Ihnen innerhalb von 48 Stunden. <\/h3>\n<p>Schicken\u00a0Sie\u00a0uns einfach eine Anfrage.<\/p>\n<p>\t<a href=\"https:\/\/ilikemyproject.com\/de\/kontakt\/\" target=\"_self\" role=\"button\"><br \/>\n\t\t\t\tAnfrage schicken<br \/>\n\t<\/a><\/p>\n","protected":false},"excerpt":{"rendered":"<p>Unsere Leistungen das Webdesign, das Ihren Kunden anzieht Wenn Sie eine tolle optimierte Webseite f\u00fcr Ihre Projekte, Dienstlesitungen, Shows, Online Magazine, Blog oder einen Online Shop brauchen, sind Sie bei uns genau richtig. ILikeMyProject k\u00f6nnen Sie Sich Ihre personalisierte, SEO und Mobil optimisierte und kreative Webseite holen. Wir vermitteln Ihre Idee mit unserem Webdesign an &hellip;<\/p>\n<p class=\"read-more\"> <a class=\"\" href=\"https:\/\/ilikemyproject.com\/de\/leistungen\/\"> <span class=\"screen-reader-text\">Leistungen<\/span> Read More \u00bb<\/a><\/p>\n","protected":false},"author":3,"featured_media":0,"parent":0,"menu_order":0,"comment_status":"closed","ping_status":"closed","template":"","meta":{"_seopress_robots_primary_cat":"","site-sidebar-layout":"default","site-content-layout":"default","ast-global-header-display":"","ast-main-header-display":"","ast-hfb-above-header-display":"","ast-hfb-below-header-display":"","ast-hfb-mobile-header-display":"","site-post-title":"disabled","ast-breadcrumbs-content":"","ast-featured-img":"","footer-sml-layout":"","theme-transparent-header-meta":"default","adv-header-id-meta":"","stick-header-meta":"","header-above-stick-meta":"","header-main-stick-meta":"","header-below-stick-meta":"","footnotes":""},"_links":{"self":[{"href":"https:\/\/ilikemyproject.com\/de\/wp-json\/wp\/v2\/pages\/693"}],"collection":[{"href":"https:\/\/ilikemyproject.com\/de\/wp-json\/wp\/v2\/pages"}],"about":[{"href":"https:\/\/ilikemyproject.com\/de\/wp-json\/wp\/v2\/types\/page"}],"author":[{"embeddable":true,"href":"https:\/\/ilikemyproject.com\/de\/wp-json\/wp\/v2\/users\/3"}],"replies":[{"embeddable":true,"href":"https:\/\/ilikemyproject.com\/de\/wp-json\/wp\/v2\/comments?post=693"}],"version-history":[{"count":1,"href":"https:\/\/ilikemyproject.com\/de\/wp-json\/wp\/v2\/pages\/693\/revisions"}],"predecessor-version":[{"id":1079,"href":"https:\/\/ilikemyproject.com\/de\/wp-json\/wp\/v2\/pages\/693\/revisions\/1079"}],"wp:attachment":[{"href":"https:\/\/ilikemyproject.com\/de\/wp-json\/wp\/v2\/media?parent=693"}],"curies":[{"name":"wp","href":"https:\/\/api.w.org\/{rel}","templated":true}]}}